{"id":209,"date":"2020-11-04T01:25:59","date_gmt":"2020-11-04T01:25:59","guid":{"rendered":"https:\/\/everse.deothemes.com\/learndash-courses\/?page_id=209"},"modified":"2022-01-18T14:20:26","modified_gmt":"2022-01-18T14:20:26","slug":"blog","status":"publish","type":"page","link":"https:\/\/educational.sensor-medica.com\/es\/blog\/","title":{"rendered":"Blog"},"content":{"rendered":"<div data-elementor-type=\"wp-page\" data-elementor-id=\"209\" class=\"elementor elementor-209\" data-elementor-post-type=\"page\">\n\t\t\t\t\t\t<section class=\"elementor-section elementor-top-section elementor-element elementor-element-966c397 elementor-section-boxed elementor-section-height-default elementor-section-height-default wpr-particle-no wpr-jarallax-no wpr-parallax-no wpr-sticky-section-no\" data-id=\"966c397\" data-element_type=\"section\" data-settings=\"{&quot;background_background&quot;:&quot;classic&quot;}\">\n\t\t\t\t\t\t\t<div class=\"elementor-background-overlay\"><\/div>\n\t\t\t\t\t\t\t<div class=\"elementor-container elementor-column-gap-default\">\n\t\t\t\t\t<div class=\"elementor-column elementor-col-100 elementor-top-column elementor-element elementor-element-ee9ae7e\" data-id=\"ee9ae7e\" data-element_type=\"column\">\n\t\t\t<div class=\"elementor-widget-wrap elementor-element-populated\">\n\t\t\t\t\t\t<section class=\"elementor-section elementor-inner-section elementor-element elementor-element-3eaf288 elementor-section-boxed elementor-section-height-default elementor-section-height-default wpr-particle-no wpr-jarallax-no wpr-parallax-no wpr-sticky-section-no\" data-id=\"3eaf288\" data-element_type=\"section\">\n\t\t\t\t\t\t<div class=\"elementor-container elementor-column-gap-default\">\n\t\t\t\t\t<div class=\"elementor-column elementor-col-100 elementor-inner-column elementor-element elementor-element-df1da01\" data-id=\"df1da01\" data-element_type=\"column\">\n\t\t\t<div class=\"elementor-widget-wrap elementor-element-populated\">\n\t\t\t\t\t\t<div class=\"elementor-element elementor-element-cc021e5 elementor-widget elementor-widget-heading\" data-id=\"cc021e5\" data-element_type=\"widget\" data-widget_type=\"heading.default\">\n\t\t\t\t<div class=\"elementor-widget-container\">\n\t\t\t\t\t<h1 class=\"elementor-heading-title elementor-size-default\">Blog<\/h1>\t\t\t\t<\/div>\n\t\t\t\t<\/div>\n\t\t\t\t\t<\/div>\n\t\t<\/div>\n\t\t\t\t\t<\/div>\n\t\t<\/section>\n\t\t\t\t\t<\/div>\n\t\t<\/div>\n\t\t\t\t\t<\/div>\n\t\t<\/section>\n\t\t\t\t<section class=\"elementor-section elementor-top-section elementor-element elementor-element-38ae61a elementor-section-boxed elementor-section-height-default elementor-section-height-default wpr-particle-no wpr-jarallax-no wpr-parallax-no wpr-sticky-section-no\" data-id=\"38ae61a\" data-element_type=\"section\">\n\t\t\t\t\t\t<div class=\"elementor-container elementor-column-gap-default\">\n\t\t\t\t\t<div class=\"elementor-column elementor-col-100 elementor-top-column elementor-element elementor-element-2aae08b\" data-id=\"2aae08b\" data-element_type=\"column\">\n\t\t\t<div class=\"elementor-widget-wrap elementor-element-populated\">\n\t\t\t\t\t\t<section class=\"elementor-section elementor-inner-section elementor-element elementor-element-e6a7a7e elementor-section-boxed elementor-section-height-default elementor-section-height-default wpr-particle-no wpr-jarallax-no wpr-parallax-no wpr-sticky-section-no\" data-id=\"e6a7a7e\" data-element_type=\"section\">\n\t\t\t\t\t\t<div class=\"elementor-container elementor-column-gap-default\">\n\t\t\t\t\t<div class=\"elementor-column elementor-col-50 elementor-inner-column elementor-element elementor-element-2b7961c\" data-id=\"2b7961c\" data-element_type=\"column\">\n\t\t\t<div class=\"elementor-widget-wrap elementor-element-populated\">\n\t\t\t\t\t\t<div class=\"elementor-element elementor-element-5ce2532 elementor-widget elementor-widget-deo-blog-posts\" data-id=\"5ce2532\" data-element_type=\"widget\" data-settings=\"{&quot;post_columns&quot;:&quot;12&quot;,&quot;post_columns_tablet&quot;:&quot;12&quot;,&quot;post_columns_mobile&quot;:12}\" data-widget_type=\"deo-blog-posts.default\">\n\t\t\t\t<div class=\"elementor-widget-container\">\n\t\t\t\t\t<div class=\"eversor-load-more-container\"\r\n\t\t\t\t\t\t\tdata-page_max=\"1\"\r\n\t\t\t\t\t\t\tdata-page=\"1\"\r\n\t\t\t\t\t\t\tdata-settings='{\"block_id\":\"5ce2532\",\"post_type\":\"post\",\"widget_type\":\"deo-blog-posts\",\"blog_layout\":\"title-first\",\"image_hide\":\"\",\"image_size\":\"thumbnail\",\"ignore_sticky_posts\":\"yes\",\"categories_hide\":\"\",\"date_hide\":\"\",\"author_hide\":\"\",\"excerpt_hide\":\"\",\"excerpt_length\":25,\"read_more_hide\":\"\",\"read_more_text\":\"Read More\",\"posts_per_page\":3,\"post_columns_mobile\":12,\"post_columns_tablet\":\"12\",\"post_columns\":\"12\",\"filter_item_list\":[],\"title_tag\":\"h2\",\"orderby\":\"date\",\"order\":\"DESC\"}'>\r\n\t\t\t<div class=\"row masonry-grid__blog masonry-grid__blog-5ce2532\">\r\n\r\n\t\t\t\t<div class=\"grid-sizer col-12 col-md-12 col-lg-12\"><\/div>\r\n\t\t\t\t\t<div class=\"masonry-item col-12 col-md-12 col-lg-12 webinars  post-default\">\r\n\r\n\t\t\t\t\t\t\r\n\t\t\t\t\t\t<article class=\"entry post-958 post type-post status-publish format-standard has-post-thumbnail hentry category-webinars\" itemscope=\"itemscope\" itemtype=\"https:\/\/schema.org\/Article\">\t\t\t\t\t\t\t\r\n\t\t\t\t\t\r\n\t\t\t\t\t\t\t<div class=\"entry__header\">\t\t<h2 class=\"entry__title\">\r\n\t\t\t<a href=\"https:\/\/educational.sensor-medica.com\/es\/webinar-escuela-ecomuscolo\/\">An\u00e1lisis Biomec\u00e1nico de la marcha y utilidad de la Tecnolog\u00eda Aplicada en su evaluaci\u00f3n<\/a>\r\n\t\t<\/h2>\r\n\t\t\r\n\t\t\t<div class=\"entry__meta\">\r\n\r\n\t\t\t\t\r\n\t\t\t\t\r\n\t\t\t<\/div>\r\n\r\n\t\t<\/div>\r\n\t\t\t\t\t\t\t\t\t\t<figure class=\"entry__img-holder\">\r\n\t\t\t\t<a href=\"https:\/\/educational.sensor-medica.com\/es\/webinar-escuela-ecomuscolo\/\" title=\"An\u00e1lisis Biomec\u00e1nico de la marcha y utilidad de la Tecnolog\u00eda Aplicada en su evaluaci\u00f3n\">\r\n\t\t\t\t\t<img decoding=\"async\" width=\"150\" height=\"150\" src=\"https:\/\/educational.sensor-medica.com\/wp-content\/uploads\/2022\/01\/POST-WEBINAR-ESCUELA-ECOMUSCULO_1920-150x150.png\" class=\"entry__img wp-post-image\" alt=\"\" srcset=\"https:\/\/educational.sensor-medica.com\/wp-content\/uploads\/2022\/01\/POST-WEBINAR-ESCUELA-ECOMUSCULO_1920-150x150.png 150w, https:\/\/educational.sensor-medica.com\/wp-content\/uploads\/2022\/01\/POST-WEBINAR-ESCUELA-ECOMUSCULO_1920-300x300.png 300w, https:\/\/educational.sensor-medica.com\/wp-content\/uploads\/2022\/01\/POST-WEBINAR-ESCUELA-ECOMUSCULO_1920-100x100.png 100w, https:\/\/educational.sensor-medica.com\/wp-content\/uploads\/2022\/01\/POST-WEBINAR-ESCUELA-ECOMUSCULO_1920-473x473.png 473w, https:\/\/educational.sensor-medica.com\/wp-content\/uploads\/2022\/01\/POST-WEBINAR-ESCUELA-ECOMUSCULO_1920-900x900.png 900w\" sizes=\"(max-width: 150px) 100vw, 150px\" \/>\t\t\t\t<\/a>\r\n\t\t\t<\/figure>\r\n\t\t\t\t\t\t\t\r\n\r\n\t\t\t\t\t\t\t<div class=\"entry__body\">\r\n\r\n\t\t\t\t\t\t\t\t\t\t\t<div class=\"entry__excerpt\">\r\n\t\t\t\t<p>2 Webinar Internacional, con una ponente de primer nivel:Febrero 2022. \ud83d\udd34Catalina Villa S\u00e1enz\u2714\ufe0fIngeniera Biom\u00e9dica responsable para Latinoam\u00e9rica. \ud83d\udd16Reg\u00edstrate, para el evento \ud83d\udc49 bit.ly\/3DGvCBG www.escuelaecomusculo.edu.pe \u261b&hellip;<\/p>\t\t\t<\/div>\r\n\t\t\t\t\t<!-- Read More -->\r\n\t\t\t<div class=\"entry__read-more\">\t\t\t\r\n\t\t\t\t<a href=\"https:\/\/educational.sensor-medica.com\/es\/webinar-escuela-ecomuscolo\/\" class=\"read-more\">\r\n\t\t\t\t\t\t\t\t\t\t\t<span class=\"read-more__text\">\r\n\t\t\t\t\t\t\tRead More\t\t\t\t\t\t<\/span>\r\n\t\t\t\t\t\t\t\t\t<\/a>\r\n\t\t\t<\/div>\r\n\t\t\r\n\t\t\t\t\t\t\t<\/div> <!-- .entry__body -->\r\n\r\n\t\t\t\t\t\t<\/article><!-- #post-## -->\r\n\t\t\t\t\t<\/div> <!-- .col -->\r\n\r\n\t\t\t\t\r\n\t\t\t\t\t<div class=\"masonry-item col-12 col-md-12 col-lg-12 corsi  post-default\">\r\n\r\n\t\t\t\t\t\t\r\n\t\t\t\t\t\t<article class=\"entry post-929 post type-post status-publish format-standard has-post-thumbnail hentry category-corsi\" itemscope=\"itemscope\" itemtype=\"https:\/\/schema.org\/Article\">\t\t\t\t\t\t\t\r\n\t\t\t\t\t\r\n\t\t\t\t\t\t\t<div class=\"entry__header\">\t\t<h2 class=\"entry__title\">\r\n\t\t\t<a href=\"https:\/\/educational.sensor-medica.com\/es\/posturologia-integrata\/\">Posturologia Integrata<\/a>\r\n\t\t<\/h2>\r\n\t\t\r\n\t\t\t<div class=\"entry__meta\">\r\n\r\n\t\t\t\t\r\n\t\t\t\t\r\n\t\t\t<\/div>\r\n\r\n\t\t<\/div>\r\n\t\t\t\t\t\t\t\t\t\t<figure class=\"entry__img-holder\">\r\n\t\t\t\t<a href=\"https:\/\/educational.sensor-medica.com\/es\/posturologia-integrata\/\" title=\"Posturologia Integrata\">\r\n\t\t\t\t\t<img decoding=\"async\" width=\"150\" height=\"150\" src=\"https:\/\/educational.sensor-medica.com\/wp-content\/uploads\/2022\/01\/HEADER_1-150x150.png\" class=\"entry__img wp-post-image\" alt=\"\" srcset=\"https:\/\/educational.sensor-medica.com\/wp-content\/uploads\/2022\/01\/HEADER_1-150x150.png 150w, https:\/\/educational.sensor-medica.com\/wp-content\/uploads\/2022\/01\/HEADER_1-300x300.png 300w, https:\/\/educational.sensor-medica.com\/wp-content\/uploads\/2022\/01\/HEADER_1-100x100.png 100w, https:\/\/educational.sensor-medica.com\/wp-content\/uploads\/2022\/01\/HEADER_1-473x473.png 473w, https:\/\/educational.sensor-medica.com\/wp-content\/uploads\/2022\/01\/HEADER_1-900x900.png 900w\" sizes=\"(max-width: 150px) 100vw, 150px\" \/>\t\t\t\t<\/a>\r\n\t\t\t<\/figure>\r\n\t\t\t\t\t\t\t\r\n\r\n\t\t\t\t\t\t\t<div class=\"entry__body\">\r\n\r\n\t\t\t\t\t\t\t\t\t\t\t<div class=\"entry__excerpt\">\r\n\t\t\t\t<p>PosturaLab Research Institute, in collaborazione con&nbsp;Sensor Medica Educational&nbsp;presenta il&nbsp;Corso di Alta Formazione Specifica \u201cPOSTUROLOGIA INTEGRATA\u201d, con introduzione del&nbsp;Prof. Giuseppe Messina, Coordinatore Vicario Master in Posturologia&hellip;<\/p>\t\t\t<\/div>\r\n\t\t\t\t\t<!-- Read More -->\r\n\t\t\t<div class=\"entry__read-more\">\t\t\t\r\n\t\t\t\t<a href=\"https:\/\/educational.sensor-medica.com\/es\/posturologia-integrata\/\" class=\"read-more\">\r\n\t\t\t\t\t\t\t\t\t\t\t<span class=\"read-more__text\">\r\n\t\t\t\t\t\t\tRead More\t\t\t\t\t\t<\/span>\r\n\t\t\t\t\t\t\t\t\t<\/a>\r\n\t\t\t<\/div>\r\n\t\t\r\n\t\t\t\t\t\t\t<\/div> <!-- .entry__body -->\r\n\r\n\t\t\t\t\t\t<\/article><!-- #post-## -->\r\n\t\t\t\t\t<\/div> <!-- .col -->\r\n\r\n\t\t\t\t\r\n\t\t\t\t\r\n\t\t\t<\/div> <!-- .row -->\r\n\r\n\t\t\t<\/div> <!-- .eversor-load-more-container -->\t\t\t\t<\/div>\n\t\t\t\t<\/div>\n\t\t\t\t\t<\/div>\n\t\t<\/div>\n\t\t\t\t<div class=\"elementor-column elementor-col-50 elementor-inner-column elementor-element elementor-element-b97dd59\" data-id=\"b97dd59\" data-element_type=\"column\">\n\t\t\t<div class=\"elementor-widget-wrap elementor-element-populated\">\n\t\t\t\t\t\t\t<\/div>\n\t\t<\/div>\n\t\t\t\t\t<\/div>\n\t\t<\/section>\n\t\t\t\t\t<\/div>\n\t\t<\/div>\n\t\t\t\t\t<\/div>\n\t\t<\/section>\n\t\t\t\t<\/div>","protected":false},"excerpt":{"rendered":"<p>Blog Home Business Breaking One Task Down Into Bite-Size Pieces September 7, 2020November 4, 2020 by DeoAdmin The goal of this new editor is to make adding rich content to WordPress simple and enjoyable. This whole post is composed of pieces of&hellip; Read More Business 9 Essential Parts of a Business Plan September 7, 2020November 4, 2020 by DeoAdmin The goal of this new editor is to make adding rich content to WordPress simple and enjoyable. This whole post is composed of pieces of&hellip; Read More Business What You Should Cover at Daily Pre-Shift Meetings September 7, 2020November 4, 2020 by DeoAdmin The goal of this new editor is to make adding rich content to WordPress simple and enjoyable. This whole post is composed of pieces of&hellip; Read More 1 2 3 4<\/p>","protected":false},"author":1,"featured_media":0,"parent":0,"menu_order":0,"comment_status":"closed","ping_status":"closed","template":"","meta":{"footnotes":""},"class_list":["post-209","page","type-page","status-publish","hentry"],"acf":[],"yoast_head":"<!-- This site is optimized with the Yoast SEO plugin v26.9 - https:\/\/yoast.com\/product\/yoast-seo-wordpress\/ -->\n<title>Blog - Sensor Medica Educational<\/title>\n<meta name=\"robots\" content=\"index, follow, max-snippet:-1, max-image-preview:large, max-video-preview:-1\" \/>\n<link rel=\"canonical\" href=\"https:\/\/educational.sensor-medica.com\/es\/blog\/\" \/>\n<meta property=\"og:locale\" content=\"es_ES\" \/>\n<meta property=\"og:type\" content=\"article\" \/>\n<meta property=\"og:title\" content=\"Blog - Sensor Medica Educational\" \/>\n<meta property=\"og:description\" content=\"Blog Home Business Breaking One Task Down Into Bite-Size Pieces September 7, 2020November 4, 2020 by DeoAdmin The goal of this new editor is to make adding rich content to WordPress simple and enjoyable. This whole post is composed of pieces of&hellip; Read More Business 9 Essential Parts of a Business Plan September 7, 2020November 4, 2020 by DeoAdmin The goal of this new editor is to make adding rich content to WordPress simple and enjoyable. This whole post is composed of pieces of&hellip; Read More Business What You Should Cover at Daily Pre-Shift Meetings September 7, 2020November 4, 2020 by DeoAdmin The goal of this new editor is to make adding rich content to WordPress simple and enjoyable. This whole post is composed of pieces of&hellip; Read More 1 2 3 4\" \/>\n<meta property=\"og:url\" content=\"https:\/\/educational.sensor-medica.com\/es\/blog\/\" \/>\n<meta property=\"og:site_name\" content=\"Sensor Medica Educational\" \/>\n<meta property=\"article:modified_time\" content=\"2022-01-18T14:20:26+00:00\" \/>\n<meta property=\"og:image\" content=\"https:\/\/everse.deothemes.com\/learndash-courses\/wp-content\/uploads\/sites\/14\/2020\/09\/post_img_11-min-1-734x413.jpg\" \/>\n<meta name=\"twitter:card\" content=\"summary_large_image\" \/>\n<meta name=\"twitter:label1\" content=\"Tiempo de lectura\" \/>\n\t<meta name=\"twitter:data1\" content=\"1 minuto\" \/>\n<script type=\"application\/ld+json\" class=\"yoast-schema-graph\">{\"@context\":\"https:\/\/schema.org\",\"@graph\":[{\"@type\":\"WebPage\",\"@id\":\"https:\/\/educational.sensor-medica.com\/blog\/\",\"url\":\"https:\/\/educational.sensor-medica.com\/blog\/\",\"name\":\"Blog - Sensor Medica Educational\",\"isPartOf\":{\"@id\":\"https:\/\/educational.sensor-medica.com\/#website\"},\"primaryImageOfPage\":{\"@id\":\"https:\/\/educational.sensor-medica.com\/blog\/#primaryimage\"},\"image\":{\"@id\":\"https:\/\/educational.sensor-medica.com\/blog\/#primaryimage\"},\"thumbnailUrl\":\"https:\/\/everse.deothemes.com\/learndash-courses\/wp-content\/uploads\/sites\/14\/2020\/09\/post_img_11-min-1-734x413.jpg\",\"datePublished\":\"2020-11-04T01:25:59+00:00\",\"dateModified\":\"2022-01-18T14:20:26+00:00\",\"breadcrumb\":{\"@id\":\"https:\/\/educational.sensor-medica.com\/blog\/#breadcrumb\"},\"inLanguage\":\"es\",\"potentialAction\":[{\"@type\":\"ReadAction\",\"target\":[\"https:\/\/educational.sensor-medica.com\/blog\/\"]}]},{\"@type\":\"ImageObject\",\"inLanguage\":\"es\",\"@id\":\"https:\/\/educational.sensor-medica.com\/blog\/#primaryimage\",\"url\":\"https:\/\/everse.deothemes.com\/learndash-courses\/wp-content\/uploads\/sites\/14\/2020\/09\/post_img_11-min-1-734x413.jpg\",\"contentUrl\":\"https:\/\/everse.deothemes.com\/learndash-courses\/wp-content\/uploads\/sites\/14\/2020\/09\/post_img_11-min-1-734x413.jpg\"},{\"@type\":\"BreadcrumbList\",\"@id\":\"https:\/\/educational.sensor-medica.com\/blog\/#breadcrumb\",\"itemListElement\":[{\"@type\":\"ListItem\",\"position\":1,\"name\":\"Home\",\"item\":\"https:\/\/educational.sensor-medica.com\/\"},{\"@type\":\"ListItem\",\"position\":2,\"name\":\"Blog\"}]},{\"@type\":\"WebSite\",\"@id\":\"https:\/\/educational.sensor-medica.com\/#website\",\"url\":\"https:\/\/educational.sensor-medica.com\/\",\"name\":\"Sensor Medica Educational\",\"description\":\"\",\"potentialAction\":[{\"@type\":\"SearchAction\",\"target\":{\"@type\":\"EntryPoint\",\"urlTemplate\":\"https:\/\/educational.sensor-medica.com\/?s={search_term_string}\"},\"query-input\":{\"@type\":\"PropertyValueSpecification\",\"valueRequired\":true,\"valueName\":\"search_term_string\"}}],\"inLanguage\":\"es\"}]}<\/script>\n<!-- \/ Yoast SEO plugin. -->","yoast_head_json":{"title":"Blog - Sensor Medica Educational","robots":{"index":"index","follow":"follow","max-snippet":"max-snippet:-1","max-image-preview":"max-image-preview:large","max-video-preview":"max-video-preview:-1"},"canonical":"https:\/\/educational.sensor-medica.com\/es\/blog\/","og_locale":"es_ES","og_type":"article","og_title":"Blog - Sensor Medica Educational","og_description":"Blog Home Business Breaking One Task Down Into Bite-Size Pieces September 7, 2020November 4, 2020 by DeoAdmin The goal of this new editor is to make adding rich content to WordPress simple and enjoyable. This whole post is composed of pieces of&hellip; Read More Business 9 Essential Parts of a Business Plan September 7, 2020November 4, 2020 by DeoAdmin The goal of this new editor is to make adding rich content to WordPress simple and enjoyable. This whole post is composed of pieces of&hellip; Read More Business What You Should Cover at Daily Pre-Shift Meetings September 7, 2020November 4, 2020 by DeoAdmin The goal of this new editor is to make adding rich content to WordPress simple and enjoyable. This whole post is composed of pieces of&hellip; Read More 1 2 3 4","og_url":"https:\/\/educational.sensor-medica.com\/es\/blog\/","og_site_name":"Sensor Medica Educational","article_modified_time":"2022-01-18T14:20:26+00:00","og_image":[{"url":"https:\/\/everse.deothemes.com\/learndash-courses\/wp-content\/uploads\/sites\/14\/2020\/09\/post_img_11-min-1-734x413.jpg","type":"","width":"","height":""}],"twitter_card":"summary_large_image","twitter_misc":{"Tiempo de lectura":"1 minuto"},"schema":{"@context":"https:\/\/schema.org","@graph":[{"@type":"WebPage","@id":"https:\/\/educational.sensor-medica.com\/blog\/","url":"https:\/\/educational.sensor-medica.com\/blog\/","name":"Blog - Sensor Medica Educational","isPartOf":{"@id":"https:\/\/educational.sensor-medica.com\/#website"},"primaryImageOfPage":{"@id":"https:\/\/educational.sensor-medica.com\/blog\/#primaryimage"},"image":{"@id":"https:\/\/educational.sensor-medica.com\/blog\/#primaryimage"},"thumbnailUrl":"https:\/\/everse.deothemes.com\/learndash-courses\/wp-content\/uploads\/sites\/14\/2020\/09\/post_img_11-min-1-734x413.jpg","datePublished":"2020-11-04T01:25:59+00:00","dateModified":"2022-01-18T14:20:26+00:00","breadcrumb":{"@id":"https:\/\/educational.sensor-medica.com\/blog\/#breadcrumb"},"inLanguage":"es","potentialAction":[{"@type":"ReadAction","target":["https:\/\/educational.sensor-medica.com\/blog\/"]}]},{"@type":"ImageObject","inLanguage":"es","@id":"https:\/\/educational.sensor-medica.com\/blog\/#primaryimage","url":"https:\/\/everse.deothemes.com\/learndash-courses\/wp-content\/uploads\/sites\/14\/2020\/09\/post_img_11-min-1-734x413.jpg","contentUrl":"https:\/\/everse.deothemes.com\/learndash-courses\/wp-content\/uploads\/sites\/14\/2020\/09\/post_img_11-min-1-734x413.jpg"},{"@type":"BreadcrumbList","@id":"https:\/\/educational.sensor-medica.com\/blog\/#breadcrumb","itemListElement":[{"@type":"ListItem","position":1,"name":"Home","item":"https:\/\/educational.sensor-medica.com\/"},{"@type":"ListItem","position":2,"name":"Blog"}]},{"@type":"WebSite","@id":"https:\/\/educational.sensor-medica.com\/#website","url":"https:\/\/educational.sensor-medica.com\/","name":"Sensor Medica Educational","description":"","potentialAction":[{"@type":"SearchAction","target":{"@type":"EntryPoint","urlTemplate":"https:\/\/educational.sensor-medica.com\/?s={search_term_string}"},"query-input":{"@type":"PropertyValueSpecification","valueRequired":true,"valueName":"search_term_string"}}],"inLanguage":"es"}]}},"_links":{"self":[{"href":"https:\/\/educational.sensor-medica.com\/es\/wp-json\/wp\/v2\/pages\/209","targetHints":{"allow":["GET"]}}],"collection":[{"href":"https:\/\/educational.sensor-medica.com\/es\/wp-json\/wp\/v2\/pages"}],"about":[{"href":"https:\/\/educational.sensor-medica.com\/es\/wp-json\/wp\/v2\/types\/page"}],"author":[{"embeddable":true,"href":"https:\/\/educational.sensor-medica.com\/es\/wp-json\/wp\/v2\/users\/1"}],"replies":[{"embeddable":true,"href":"https:\/\/educational.sensor-medica.com\/es\/wp-json\/wp\/v2\/comments?post=209"}],"version-history":[{"count":0,"href":"https:\/\/educational.sensor-medica.com\/es\/wp-json\/wp\/v2\/pages\/209\/revisions"}],"wp:attachment":[{"href":"https:\/\/educational.sensor-medica.com\/es\/wp-json\/wp\/v2\/media?parent=209"}],"curies":[{"name":"wp","href":"https:\/\/api.w.org\/{rel}","templated":true}]}}